{"id":214,"date":"2021-02-26T16:26:55","date_gmt":"2021-02-26T16:26:55","guid":{"rendered":"https:\/\/bslthemes.com\/oblo-demo\/?page_id=214"},"modified":"2024-07-29T17:51:34","modified_gmt":"2024-07-29T17:51:34","slug":"about-us-p","status":"publish","type":"page","link":"https:\/\/geometricamente.pt\/pentagono\/about-us-p\/","title":{"rendered":"About Us (Portfolio)"},"content":{"rendered":"\t\t<div data-elementor-type=\"wp-page\" data-elementor-id=\"214\" class=\"elementor elementor-214\" data-elementor-post-type=\"page\">\n\t\t\t\t\t\t<section class=\"elementor-section elementor-top-section elementor-element elementor-element-4e5c9fe elementor-section-full_width elementor-section-height-default elementor-section-height-default\" data-id=\"4e5c9fe\" data-element_type=\"section\">\n\t\t\t\t\t\t<div class=\"elementor-container elementor-column-gap-no\">\n\t\t\t\t\t<div class=\"elementor-column elementor-col-100 elementor-top-column elementor-element elementor-element-b024eda\" data-id=\"b024eda\" data-element_type=\"column\">\n\t\t\t<div class=\"elementor-widget-wrap elementor-element-populated\">\n\t\t\t\t\t\t<div class=\"elementor-element elementor-element-5bc27f4 elementor-widget elementor-widget-oblo-section-heading\" data-id=\"5bc27f4\" data-element_type=\"widget\" data-widget_type=\"oblo-section-heading.default\">\n\t\t\t\t<div class=\"elementor-widget-container\">\n\t\t\t\n\t\t<!-- Section Started Heading -->\n\t\t<div class=\"section section-inner started-heading\">\n\t\t\t<div class=\"container\">\n\t\t\t\t<div class=\"row\">\n\t\t\t\t\t<div class=\"col-xs-12 col-sm-12 col-md-12 col-lg-12\">\n\n\t\t\t\t\t\t<!-- titles -->\n\t\t\t\t\t\t<div class=\"h-titles\">\n\t\t\t\t\t\t\t\t\t\t\t\t\t\t<div class=\"h-subtitle red splitting-text-anim-1 scroll-animate\" data-splitting=\"chars\" data-animate=\"active\">\n\t\t\t\t\t\t\t\t<span >\n\t\t\t\t\t\t\t\t\tSOBRE N\u00d3S\t\t\t\t\t\t\t\t<\/span>\n\t\t\t\t\t\t\t<\/div>\n\t\t\t\t\t\t\t\t\t\t\t\t\t\t\t\t\t\t\t\t\t<div class=\"h-title splitting-text-anim-2 scroll-animate\" data-splitting=\"chars\" data-animate=\"active\">\n\t\t\t\t\t\t\t\t<span >\n\t\t\t\t\t\t\t\t\tSomos uma equipa multidisciplinar\t\t\t\t\t\t\t\t<\/span>\n\t\t\t\t\t\t\t<\/div>\n\t\t\t\t\t\t\t\t\t\t\t\t\t\t\t\t\t\t\t\t\t<div class=\"h-text scrolla-element-anim-1 scroll-animate\" data-animate=\"active\">\n\t\t\t\t\t\t\t\t<div >\n\t\t\t\t\t\t\t\t\t<h3>empenhada em mudar o mundo dos que nos rodeiam.\u00a0<\/h3>\t\t\t\t\t\t\t\t<\/div>\n\t\t\t\t\t\t\t<\/div>\n\t\t\t\t\t\t\t\t\t\t\t\t\t<\/div>\n\n\t\t\t\t\t<\/div>\n\t\t\t\t<\/div>\n\t\t\t<\/div>\n\t\t<\/div>\n\n\t\t\t\t<\/div>\n\t\t\t\t<\/div>\n\t\t\t\t\t<\/div>\n\t\t<\/div>\n\t\t\t\t\t<\/div>\n\t\t<\/section>\n\t\t\t\t<section class=\"elementor-section elementor-top-section elementor-element elementor-element-d48fd52 elementor-section-full_width elementor-section-height-default elementor-section-height-default\" data-id=\"d48fd52\" data-element_type=\"section\">\n\t\t\t\t\t\t<div class=\"elementor-container elementor-column-gap-no\">\n\t\t\t\t\t<div class=\"elementor-column elementor-col-100 elementor-top-column elementor-element elementor-element-600ea29\" data-id=\"600ea29\" data-element_type=\"column\">\n\t\t\t<div class=\"elementor-widget-wrap elementor-element-populated\">\n\t\t\t\t\t\t<div class=\"elementor-element elementor-element-b1b9351 elementor-widget elementor-widget-oblo-section-description\" data-id=\"b1b9351\" data-element_type=\"widget\" data-widget_type=\"oblo-section-description.default\">\n\t\t\t\t<div class=\"elementor-widget-container\">\n\t\t\t\n\t\t<!-- Section Description -->\n\t\t<div class=\"section section-inner m-description\">\n\t\t\t<div class=\"container\">\n\t\t\t\t<div class=\"row\">\n\t\t\t\t\t<div class=\"col-xs-12 col-sm-12 col-md-12 align-left col-lg-3\">\n\t\t\t\t\t\t\t\t\t\t\t<\/div>\n\t\t\t\t\t<div class=\"col-xs-12 col-sm-12 col-md-12 col-lg-9\">\n\t\t\t\t\t\t\t\t\t\t\t\t<div class=\"description-text scrolla-element-anim-1 scroll-animate\" data-animate=\"active\">\n\t\t\t\t\t\t\t<div >\n\t\t\t\t\t\t\t\tNa <strong><span style=\"color: #5EB4B8\">GEOMETRICAMENTE<\/span><\/strong> acreditamos que a sa\u00fade mental deve ser acess\u00edvel a toda a gente! Para isso, somos uma empresa especializada em objeto l\u00fadico-terap\u00eautico que visa promover o autoconhecimento e desenvolvimento pessoal.\n<br><br>\nDesenhamos com o cora\u00e7\u00e3o para conseguir chegar a todos os que procura solu\u00e7\u00f5es para o bem-estar emocional e a cria\u00e7\u00e3o de rela\u00e7\u00f5es interpessoais seguras e aut\u00eanticas.\t\t\t\t\t\t\t<\/div>\n\t\t\t\t\t\t<\/div>\n\t\t\t\t\t\t\t\t\t\t\t<\/div>\n\t\t\t\t<\/div>\n\t\t\t<\/div>\n\t\t<\/div>\n\n\t\t\t\t<\/div>\n\t\t\t\t<\/div>\n\t\t\t\t\t<\/div>\n\t\t<\/div>\n\t\t\t\t\t<\/div>\n\t\t<\/section>\n\t\t\t\t<section class=\"elementor-section elementor-top-section elementor-element elementor-element-15ca50c elementor-section-full_width elementor-section-height-default elementor-section-height-default\" data-id=\"15ca50c\" data-element_type=\"section\">\n\t\t\t\t\t\t<div class=\"elementor-container elementor-column-gap-no\">\n\t\t\t\t\t<div class=\"elementor-column elementor-col-100 elementor-top-column elementor-element elementor-element-b8c43e2\" data-id=\"b8c43e2\" data-element_type=\"column\">\n\t\t\t<div class=\"elementor-widget-wrap elementor-element-populated\">\n\t\t\t\t\t\t<div class=\"elementor-element elementor-element-5926fcd elementor-widget elementor-widget-oblo-services\" data-id=\"5926fcd\" data-element_type=\"widget\" data-widget_type=\"oblo-services.default\">\n\t\t\t\t<div class=\"elementor-widget-container\">\n\t\t\t\n\t\t<!-- Section Services -->\n\t\t<div class=\"section section-inner m-services\">\n\t\t\t<div class=\"container\">\n\t\t\t\t<div class=\"row\">\n\n\t\t\t\t\t\t\t\t\t\t<div class=\"col-xs-12 col-sm-12 col-md-12 align-left col-lg-12\">\n\n\t\t\t\t\t\t<!-- titles -->\n\t\t\t\t\t\t<div class=\"m-titles\">\n\t\t\t\t\t\t\t\t\t\t\t\t\t\t<h2 class=\"m-title scrolla-element-anim-1 scroll-animate\" data-animate=\"active\">\n\t\t\t\t\t\t\t\t<span >\n\t\t\t\t\t\t\t\t\tO que fazemos?\t\t\t\t\t\t\t\t<\/span>\n\t\t\t\t\t\t\t<\/h2>\n\t\t\t\t\t\t\t\t\t\t\t\t\t\t\t\t\t\t\t\t<\/div>\n\n\t\t\t\t\t<\/div>\n\t\t\t\t\t\n\t\t\t\t\t\t\t\t\t\t<div class=\"col-xs-12 col-sm-12 col-md-12 col-lg-12\">\n\n\t\t\t\t\t\t<!-- services -->\n\t\t\t\t\t\t<div class=\"services-items row\">\n\n\t\t\t\t\t\t\t\n\t\t\t\t\t\t\t<div class=\"services-col col-xs-12 col-sm-6 col-md-6 col-lg-4\">\n\t\t\t\t\t\t\t\t<div class=\"services-item scrolla-element-anim-1 scroll-animate\" data-animate=\"active\">\n\t\t\t\t\t\t\t\t\t\t\t\t\t\t\t\t\t\t<div class=\"icon\">\n\t\t\t\t\t\t\t\t\t\t<svg aria-hidden=\"true\" class=\"e-font-icon-svg e-fas-pencil-alt\" viewBox=\"0 0 512 512\" xmlns=\"http:\/\/www.w3.org\/2000\/svg\"><path d=\"M497.9 142.1l-46.1 46.1c-4.7 4.7-12.3 4.7-17 0l-111-111c-4.7-4.7-4.7-12.3 0-17l46.1-46.1c18.7-18.7 49.1-18.7 67.9 0l60.1 60.1c18.8 18.7 18.8 49.1 0 67.9zM284.2 99.8L21.6 362.4.4 483.9c-2.9 16.4 11.4 30.6 27.8 27.8l121.5-21.3 262.6-262.6c4.7-4.7 4.7-12.3 0-17l-111-111c-4.8-4.7-12.4-4.7-17.1 0zM124.1 339.9c-5.5-5.5-5.5-14.3 0-19.8l154-154c5.5-5.5 14.3-5.5 19.8 0s5.5 14.3 0 19.8l-154 154c-5.5 5.5-14.3 5.5-19.8 0zM88 424h48v36.3l-64.5 11.3-31.1-31.1L51.7 376H88v48z\"><\/path><\/svg>\t\t\t\t\t\t\t\t\t<\/div>\n\t\t\t\t\t\t\t\t\t\t\t\t\t\t\t\t\t\t\t\t\t\t\t\t\t\t\t<div class=\"name\">\n\t\t\t\t\t\t\t\t\t\t<span >\n\t\t\t\t\t\t\t\t\t\t\tDesenhamos\t\t\t\t\t\t\t\t\t\t<\/span>\n\t\t\t\t\t\t\t\t\t<\/div>\n\t\t\t\t\t\t\t\t\t\t\t\t\t\t\t\t\t\t\t\t\t\t\t\t\t\t\t<div class=\"text\">\n\t\t\t\t\t\t\t\t\t\t<div >\n\t\t\t\t\t\t\t\t\t\t\tPomos a criatividade \u00e0 prova e projetamos jogos para cumprir com os nossos objetivos.\t\t\t\t\t\t\t\t\t\t<\/div>\n\t\t\t\t\t\t\t\t\t<\/div>\n\t\t\t\t\t\t\t\t\t\t\t\t\t\t\t\t\t<\/div>\n\t\t\t\t\t\t\t<\/div>\n\n\t\t\t\t\t\t\t\n\t\t\t\t\t\t\t<div class=\"services-col col-xs-12 col-sm-6 col-md-6 col-lg-4\">\n\t\t\t\t\t\t\t\t<div class=\"services-item scrolla-element-anim-1 scroll-animate\" data-animate=\"active\">\n\t\t\t\t\t\t\t\t\t\t\t\t\t\t\t\t\t\t<div class=\"icon\">\n\t\t\t\t\t\t\t\t\t\t<svg aria-hidden=\"true\" class=\"e-font-icon-svg e-far-check-square\" viewBox=\"0 0 448 512\" xmlns=\"http:\/\/www.w3.org\/2000\/svg\"><path d=\"M400 32H48C21.49 32 0 53.49 0 80v352c0 26.51 21.49 48 48 48h352c26.51 0 48-21.49 48-48V80c0-26.51-21.49-48-48-48zm0 400H48V80h352v352zm-35.864-241.724L191.547 361.48c-4.705 4.667-12.303 4.637-16.97-.068l-90.781-91.516c-4.667-4.705-4.637-12.303.069-16.971l22.719-22.536c4.705-4.667 12.303-4.637 16.97.069l59.792 60.277 141.352-140.216c4.705-4.667 12.303-4.637 16.97.068l22.536 22.718c4.667 4.706 4.637 12.304-.068 16.971z\"><\/path><\/svg>\t\t\t\t\t\t\t\t\t<\/div>\n\t\t\t\t\t\t\t\t\t\t\t\t\t\t\t\t\t\t\t\t\t\t\t\t\t\t\t<div class=\"name\">\n\t\t\t\t\t\t\t\t\t\t<span >\n\t\t\t\t\t\t\t\t\t\t\tValidamos\t\t\t\t\t\t\t\t\t\t<\/span>\n\t\t\t\t\t\t\t\t\t<\/div>\n\t\t\t\t\t\t\t\t\t\t\t\t\t\t\t\t\t\t\t\t\t\t\t\t\t\t\t<div class=\"text\">\n\t\t\t\t\t\t\t\t\t\t<div >\n\t\t\t\t\t\t\t\t\t\t\tTodos os produtos s\u00e3o testados por utilizadores e validados por profissionais de sa\u00fade mental.\t\t\t\t\t\t\t\t\t\t<\/div>\n\t\t\t\t\t\t\t\t\t<\/div>\n\t\t\t\t\t\t\t\t\t\t\t\t\t\t\t\t\t<\/div>\n\t\t\t\t\t\t\t<\/div>\n\n\t\t\t\t\t\t\t\n\t\t\t\t\t\t\t<div class=\"services-col col-xs-12 col-sm-6 col-md-6 col-lg-4\">\n\t\t\t\t\t\t\t\t<div class=\"services-item scrolla-element-anim-1 scroll-animate\" data-animate=\"active\">\n\t\t\t\t\t\t\t\t\t\t\t\t\t\t\t\t\t\t<div class=\"icon\">\n\t\t\t\t\t\t\t\t\t\t<svg aria-hidden=\"true\" class=\"e-font-icon-svg e-fas-pencil-alt\" viewBox=\"0 0 512 512\" xmlns=\"http:\/\/www.w3.org\/2000\/svg\"><path d=\"M497.9 142.1l-46.1 46.1c-4.7 4.7-12.3 4.7-17 0l-111-111c-4.7-4.7-4.7-12.3 0-17l46.1-46.1c18.7-18.7 49.1-18.7 67.9 0l60.1 60.1c18.8 18.7 18.8 49.1 0 67.9zM284.2 99.8L21.6 362.4.4 483.9c-2.9 16.4 11.4 30.6 27.8 27.8l121.5-21.3 262.6-262.6c4.7-4.7 4.7-12.3 0-17l-111-111c-4.8-4.7-12.4-4.7-17.1 0zM124.1 339.9c-5.5-5.5-5.5-14.3 0-19.8l154-154c5.5-5.5 14.3-5.5 19.8 0s5.5 14.3 0 19.8l-154 154c-5.5 5.5-14.3 5.5-19.8 0zM88 424h48v36.3l-64.5 11.3-31.1-31.1L51.7 376H88v48z\"><\/path><\/svg>\t\t\t\t\t\t\t\t\t<\/div>\n\t\t\t\t\t\t\t\t\t\t\t\t\t\t\t\t\t\t\t\t\t\t\t\t\t\t\t<div class=\"name\">\n\t\t\t\t\t\t\t\t\t\t<span >\n\t\t\t\t\t\t\t\t\t\t\tEncaminhamos\t\t\t\t\t\t\t\t\t\t<\/span>\n\t\t\t\t\t\t\t\t\t<\/div>\n\t\t\t\t\t\t\t\t\t\t\t\t\t\t\t\t\t\t\t\t\t\t\t\t\t\t\t<div class=\"text\">\n\t\t\t\t\t\t\t\t\t\t<div >\n\t\t\t\t\t\t\t\t\t\t\tIndicamos os melhores profissionais, caso necessites de algum acompanhamento ou d\u00favida esclarecida.\t\t\t\t\t\t\t\t\t\t<\/div>\n\t\t\t\t\t\t\t\t\t<\/div>\n\t\t\t\t\t\t\t\t\t\t\t\t\t\t\t\t\t<\/div>\n\t\t\t\t\t\t\t<\/div>\n\n\t\t\t\t\t\t\t\n\t\t\t\t\t\t<\/div>\n\n\t\t\t\t\t<\/div>\n\t\t\t\t\t\n\t\t\t\t<\/div>\n\t\t\t<\/div>\n\t\t<\/div>\n\n\t\t\t\t<\/div>\n\t\t\t\t<\/div>\n\t\t\t\t\t<\/div>\n\t\t<\/div>\n\t\t\t\t\t<\/div>\n\t\t<\/section>\n\t\t\t\t<section class=\"elementor-section elementor-top-section elementor-element elementor-element-cda3aba elementor-section-full_width elementor-section-height-default elementor-section-height-default\" data-id=\"cda3aba\" data-element_type=\"section\">\n\t\t\t\t\t\t<div class=\"elementor-container elementor-column-gap-no\">\n\t\t\t\t\t<div class=\"elementor-column elementor-col-100 elementor-top-column elementor-element elementor-element-35bb3f1\" data-id=\"35bb3f1\" data-element_type=\"column\">\n\t\t\t<div class=\"elementor-widget-wrap elementor-element-populated\">\n\t\t\t\t\t\t<div class=\"elementor-element elementor-element-7207e51 elementor-widget elementor-widget-oblo-section-video\" data-id=\"7207e51\" data-element_type=\"widget\" data-widget_type=\"oblo-section-video.default\">\n\t\t\t\t<div class=\"elementor-widget-container\">\n\t\t\t\n\t\t<!-- Section Video Large -->\n\t\t<div class=\"section section-inner m-video-large\">\n\t\t\t<div class=\"video scrolla-element-anim-1 scroll-animate\" data-animate=\"active\">\n\t\t\t\t\t\t\t\t<div class=\"img js-parallax\" style=\"background-image: url(https:\/\/geometricamente.pt\/pentagono\/wp-content\/uploads\/2021\/05\/video2.jpg);\"><\/div>\n\t\t\t\t\t\t\t\t\t\t\t\t<iframe class=\"js-video-iframe\" data-src=\"https:\/\/www.youtube.com\/embed\/Gu6z6kIukgg?showinfo=0&rel=0&autoplay=1\"><\/iframe>\n\t\t\t\t\t\t\t\t<div class=\"play\"><\/div>\n\t\t\t<\/div>\n\t\t<\/div>\n\n\t\t\t\t<\/div>\n\t\t\t\t<\/div>\n\t\t\t\t\t<\/div>\n\t\t<\/div>\n\t\t\t\t\t<\/div>\n\t\t<\/section>\n\t\t\t\t<section class=\"elementor-section elementor-top-section elementor-element elementor-element-39a98cc elementor-section-full_width elementor-section-height-default elementor-section-height-default\" data-id=\"39a98cc\" data-element_type=\"section\">\n\t\t\t\t\t\t<div class=\"elementor-container elementor-column-gap-no\">\n\t\t\t\t\t<div class=\"elementor-column elementor-col-100 elementor-top-column elementor-element elementor-element-7018690\" data-id=\"7018690\" data-element_type=\"column\">\n\t\t\t<div class=\"elementor-widget-wrap elementor-element-populated\">\n\t\t\t\t\t\t<div class=\"elementor-element elementor-element-6fe2144 elementor-widget elementor-widget-oblo-team\" data-id=\"6fe2144\" data-element_type=\"widget\" data-widget_type=\"oblo-team.default\">\n\t\t\t\t<div class=\"elementor-widget-container\">\n\t\t\t\n\t\t<!-- Section Team -->\n\t\t<div class=\"section section-inner m-team\">\n\t\t\t<div class=\"container\">\n\t\t\t\t<div class=\"row\">\n\n\t\t\t\t\t\t\t\t\t\t<div class=\"col-xs-12 col-sm-12 col-md-12 align-left col-lg-12\">\n\n\t\t\t\t\t\t<!-- titles -->\n\t\t\t\t\t\t<div class=\"m-titles\">\n\t\t\t\t\t\t\t\t\t\t\t\t\t\t<h2 class=\"m-title scrolla-element-anim-1 scroll-animate\" data-animate=\"active\">\n\t\t\t\t\t\t\t\t<span >\n\t\t\t\t\t\t\t\t\tA Equipa\t\t\t\t\t\t\t\t<\/span>\n\t\t\t\t\t\t\t<\/h2>\n\t\t\t\t\t\t\t\t\t\t\t\t\t\t\t\t\t\t\t\t<\/div>\n\n\t\t\t\t\t<\/div>\n\t\t\t\t\t\n\t\t\t\t\t\t\t\t\t\t<div class=\"col-xs-12 col-sm-12 col-md-12 col-lg-12\">\n\n\t\t\t\t\t\t<!-- team -->\n\t\t\t\t\t\t<div class=\"team-items row\">\n\n\t\t\t\t\t\t\t\n\t\t\t\t\t\t\t<div class=\"team-col col-xs-12 col-sm-12 col-md-6 col-lg-4\">\n\t\t\t\t\t\t\t\t<div class=\"team-item scrolla-element-anim-1 scroll-animate\" data-animate=\"active\">\n\t\t\t\t\t\t\t\t\t\t\t\t\t\t\t\t\t\t<div class=\"image\">\n\t\t\t\t\t\t\t\t\t\t<div class=\"img\">\n\t\t\t\t\t\t\t\t\t\t\t<img decoding=\"async\" src=\"https:\/\/geometricamente.pt\/pentagono\/wp-content\/uploads\/2021\/05\/team1.jpeg\" alt=\"\" \/>\n\t\t\t\t\t\t\t\t\t\t<\/div>\n\t\t\t\t\t\t\t\t\t<\/div>\n\t\t\t\t\t\t\t\t\t\t\t\t\t\t\t\t\t\t\t\t\t\t\t\t\t\t\t<div class=\"desc\">\n\t\t\t\t\t\t\t\t\t\t\t\t\t\t\t\t\t\t\t\t<div class=\"category\">\n\t\t\t\t\t\t\t\t\t\t\t<span >\n\t\t\t\t\t\t\t\t\t\t\t\tFounder\t\t\t\t\t\t\t\t\t\t\t<\/span>\n\t\t\t\t\t\t\t\t\t\t<\/div>\n\t\t\t\t\t\t\t\t\t\t\t\t\t\t\t\t\t\t\t\t\t\t\t\t\t\t\t\t\t\t<div class=\"name\">\n\t\t\t\t\t\t\t\t\t\t\t<span >\n\t\t\t\t\t\t\t\t\t\t\t\tRobert Long\t\t\t\t\t\t\t\t\t\t\t<\/span>\n\t\t\t\t\t\t\t\t\t\t<\/div>\n\t\t\t\t\t\t\t\t\t\t\t\t\t\t\t\t\t\t\t<\/div>\n\t\t\t\t\t\t\t\t\t\t\t\t\t\t\t\t\t<\/div>\n\t\t\t\t\t\t\t<\/div>\n\n\t\t\t\t\t\t\t\n\t\t\t\t\t\t\t<div class=\"team-col col-xs-12 col-sm-12 col-md-6 col-lg-4\">\n\t\t\t\t\t\t\t\t<div class=\"team-item scrolla-element-anim-1 scroll-animate\" data-animate=\"active\">\n\t\t\t\t\t\t\t\t\t\t\t\t\t\t\t\t\t\t<div class=\"image\">\n\t\t\t\t\t\t\t\t\t\t<div class=\"img\">\n\t\t\t\t\t\t\t\t\t\t\t<img decoding=\"async\" src=\"https:\/\/geometricamente.pt\/pentagono\/wp-content\/uploads\/2021\/05\/team3.jpeg\" alt=\"\" \/>\n\t\t\t\t\t\t\t\t\t\t<\/div>\n\t\t\t\t\t\t\t\t\t<\/div>\n\t\t\t\t\t\t\t\t\t\t\t\t\t\t\t\t\t\t\t\t\t\t\t\t\t\t\t<div class=\"desc\">\n\t\t\t\t\t\t\t\t\t\t\t\t\t\t\t\t\t\t\t\t<div class=\"category\">\n\t\t\t\t\t\t\t\t\t\t\t<span >\n\t\t\t\t\t\t\t\t\t\t\t\tProgrammer\t\t\t\t\t\t\t\t\t\t\t<\/span>\n\t\t\t\t\t\t\t\t\t\t<\/div>\n\t\t\t\t\t\t\t\t\t\t\t\t\t\t\t\t\t\t\t\t\t\t\t\t\t\t\t\t\t\t<div class=\"name\">\n\t\t\t\t\t\t\t\t\t\t\t<span >\n\t\t\t\t\t\t\t\t\t\t\t\tNatasha Singh\t\t\t\t\t\t\t\t\t\t\t<\/span>\n\t\t\t\t\t\t\t\t\t\t<\/div>\n\t\t\t\t\t\t\t\t\t\t\t\t\t\t\t\t\t\t\t<\/div>\n\t\t\t\t\t\t\t\t\t\t\t\t\t\t\t\t\t<\/div>\n\t\t\t\t\t\t\t<\/div>\n\n\t\t\t\t\t\t\t\n\t\t\t\t\t\t\t<div class=\"team-col col-xs-12 col-sm-12 col-md-6 col-lg-4\">\n\t\t\t\t\t\t\t\t<div class=\"team-item scrolla-element-anim-1 scroll-animate\" data-animate=\"active\">\n\t\t\t\t\t\t\t\t\t\t\t\t\t\t\t\t\t\t<div class=\"image\">\n\t\t\t\t\t\t\t\t\t\t<div class=\"img\">\n\t\t\t\t\t\t\t\t\t\t\t<img decoding=\"async\" src=\"https:\/\/geometricamente.pt\/pentagono\/wp-content\/uploads\/2021\/05\/team2.jpeg\" alt=\"\" \/>\n\t\t\t\t\t\t\t\t\t\t<\/div>\n\t\t\t\t\t\t\t\t\t<\/div>\n\t\t\t\t\t\t\t\t\t\t\t\t\t\t\t\t\t\t\t\t\t\t\t\t\t\t\t<div class=\"desc\">\n\t\t\t\t\t\t\t\t\t\t\t\t\t\t\t\t\t\t\t\t<div class=\"category\">\n\t\t\t\t\t\t\t\t\t\t\t<span >\n\t\t\t\t\t\t\t\t\t\t\t\tDesigner\t\t\t\t\t\t\t\t\t\t\t<\/span>\n\t\t\t\t\t\t\t\t\t\t<\/div>\n\t\t\t\t\t\t\t\t\t\t\t\t\t\t\t\t\t\t\t\t\t\t\t\t\t\t\t\t\t\t<div class=\"name\">\n\t\t\t\t\t\t\t\t\t\t\t<span >\n\t\t\t\t\t\t\t\t\t\t\t\tJohn Smith\t\t\t\t\t\t\t\t\t\t\t<\/span>\n\t\t\t\t\t\t\t\t\t\t<\/div>\n\t\t\t\t\t\t\t\t\t\t\t\t\t\t\t\t\t\t\t<\/div>\n\t\t\t\t\t\t\t\t\t\t\t\t\t\t\t\t\t<\/div>\n\t\t\t\t\t\t\t<\/div>\n\n\t\t\t\t\t\t\t\n\t\t\t\t\t\t<\/div>\n\n\t\t\t\t\t<\/div>\n\t\t\t\t\t\n\t\t\t\t<\/div>\n\t\t\t<\/div>\n\t\t<\/div>\n\n\t\t\t\t<\/div>\n\t\t\t\t<\/div>\n\t\t\t\t\t<\/div>\n\t\t<\/div>\n\t\t\t\t\t<\/div>\n\t\t<\/section>\n\t\t\t\t<section class=\"elementor-section elementor-top-section elementor-element elementor-element-449d13a elementor-section-full_width elementor-section-height-default elementor-section-height-default\" data-id=\"449d13a\" data-element_type=\"section\">\n\t\t\t\t\t\t<div class=\"elementor-container elementor-column-gap-no\">\n\t\t\t\t\t<div class=\"elementor-column elementor-col-100 elementor-top-column elementor-element elementor-element-93154e0\" data-id=\"93154e0\" data-element_type=\"column\">\n\t\t\t<div class=\"elementor-widget-wrap elementor-element-populated\">\n\t\t\t\t\t\t<div class=\"elementor-element elementor-element-037189a elementor-widget elementor-widget-oblo-awwards\" data-id=\"037189a\" data-element_type=\"widget\" data-widget_type=\"oblo-awwards.default\">\n\t\t\t\t<div class=\"elementor-widget-container\">\n\t\t\t\n\t\t<!-- Section Awwards -->\n\t\t<div class=\"section section-inner m-awwards\">\n\t\t\t<div class=\"container\">\n\t\t\t\t\t\t\t\t<div class=\"row\">\n\t\t\t\t\t<div class=\"col-xs-12 col-sm-12 col-md-12 col-lg-12 alignleft\">\n\n\t\t\t\t\t\t<!-- titles -->\n\t\t\t\t\t\t<div class=\"m-titles\">\n\t\t\t\t\t\t\t\t\t\t\t\t\t\t<h2 class=\"m-title scrolla-element-anim-1 scroll-animate\" data-animate=\"active\">\n\t\t\t\t\t\t\t\t<span >\n\t\t\t\t\t\t\t\t\tPr\u00e9mios\t\t\t\t\t\t\t\t<\/span>\n\t\t\t\t\t\t\t<\/h2>\n\t\t\t\t\t\t\t\t\t\t\t\t\t\t\t\t\t\t\t\t<\/div>\n\n\t\t\t\t\t<\/div>\n\t\t\t\t<\/div>\n\t\t\t\t\n\t\t\t\t\t\t\t\t<div class=\"row\">\n\t\t\t\t\t<div class=\"col-xs-12 col-sm-12 col-md-12 col-lg-12\">\n\n\t\t\t\t\t\t<!-- awwards -->\n\t\t\t\t\t\t<div class=\"awwards-items row\">\n\n\t\t\t\t\t\t\t\n\t\t\t\t\t\t\t<div class=\"awwards-col col-xs-12 col-sm-6 col-md-6 col-lg-3\">\n\t\t\t\t\t\t\t\t<div class=\"awwards-item scrolla-element-anim-1 scroll-animate\" data-animate=\"active\">\n\t\t\t\t\t\t\t\t\t\t\t\t\t\t\t\t\t\t<a>\n\t\t\t\t\t\t\t\t\t\t\t\t\t\t\t\t\t\t\t\t\t\t\t\t\t\t\t<div class=\"image\">\n\t\t\t\t\t\t\t\t\t\t<div class=\"img\" style=\"background-image: url(https:\/\/geometricamente.pt\/pentagono\/wp-content\/uploads\/2024\/07\/brand5-1-900x1101.jpg);\"><\/div>\n\t\t\t\t\t\t\t\t\t<\/div>\n\t\t\t\t\t\t\t\t\t\t\t\t\t\t\t\t\t\t\t\t\t\t\t\t\t\t\t<div class=\"desc\">\n\t\t\t\t\t\t\t\t\t\t\t\t\t\t\t\t\t\t\t\t<div class=\"title\">\n\t\t\t\t\t\t\t\t\t\t\t<span >\n\t\t\t\t\t\t\t\t\t\t\t\tPoliempreende 2024 \t\t\t\t\t\t\t\t\t\t\t<\/span>\n\t\t\t\t\t\t\t\t\t\t<\/div>\n\t\t\t\t\t\t\t\t\t\t\t\t\t\t\t\t\t\t\t\t\t\t\t\t\t\t\t\t\t\t<div class=\"label\">\n\t\t\t\t\t\t\t\t\t\t\t<span >\n\t\t\t\t\t\t\t\t\t\t\t\t3\u00ba Lugar (Reg. Leiria)\t\t\t\t\t\t\t\t\t\t\t<\/span>\n\t\t\t\t\t\t\t\t\t\t<\/div>\n\t\t\t\t\t\t\t\t\t\t\t\t\t\t\t\t\t\t\t<\/div>\n\t\t\t\t\t\t\t\t\t\t\t\t\t\t\t\t\t\t\t\t\t\t\t\t\t\t\t<\/a>\n\t\t\t\t\t\t\t\t\t\t\t\t\t\t\t\t\t<\/div>\n\t\t\t\t\t\t\t<\/div>\n\n\t\t\t\t\t\t\t\n\t\t\t\t\t\t<\/div>\n\n\t\t\t\t\t<\/div>\n\t\t\t\t<\/div>\n\t\t\t\t\t\t\t<\/div>\n\t\t<\/div>\n\n\t\t\t\t<\/div>\n\t\t\t\t<\/div>\n\t\t\t\t\t<\/div>\n\t\t<\/div>\n\t\t\t\t\t<\/div>\n\t\t<\/section>\n\t\t\t\t<section class=\"elementor-section elementor-top-section elementor-element elementor-element-b3d1ace elementor-section-full_width elementor-section-height-default elementor-section-height-default\" data-id=\"b3d1ace\" data-element_type=\"section\">\n\t\t\t\t\t\t<div class=\"elementor-container elementor-column-gap-no\">\n\t\t\t\t\t<div class=\"elementor-column elementor-col-100 elementor-top-column elementor-element elementor-element-83736f7\" data-id=\"83736f7\" data-element_type=\"column\">\n\t\t\t<div class=\"elementor-widget-wrap elementor-element-populated\">\n\t\t\t\t\t\t<div class=\"elementor-element elementor-element-4bdadaf elementor-widget elementor-widget-oblo-partners\" data-id=\"4bdadaf\" data-element_type=\"widget\" data-widget_type=\"oblo-partners.default\">\n\t\t\t\t<div class=\"elementor-widget-container\">\n\t\t\t\n\t\t<!-- Section Partners -->\n\t\t<div class=\"section section-inner m-partners\">\n\t\t\t<div class=\"container\">\n\t\t\t\t<div class=\"row\">\n\n\t\t\t\t\t\t\t\t\t\t<div class=\"col-xs-12 col-sm-12 col-md-12 align-left col-lg-12\">\n\n\t\t\t\t\t\t<!-- titles -->\n\t\t\t\t\t\t<div class=\"m-titles\">\n\t\t\t\t\t\t\t\t\t\t\t\t\t\t\t\t\t\t\t\t\t<h2 class=\"m-title scrolla-element-anim-1 scroll-animate\" data-animate=\"active\">\n\t\t\t\t\t\t\t\t<span >\n\t\t\t\t\t\t\t\t\tParcerias\t\t\t\t\t\t\t\t<\/span>\n\t\t\t\t\t\t\t<\/h2>\n\t\t\t\t\t\t\t\t\t\t\t\t\t<\/div>\n\n\t\t\t\t\t<\/div>\n\t\t\t\t\t\n\t\t\t\t\t<div class=\"col-xs-12 col-sm-12 col-md-12 col-lg-12\">\n\n\t\t\t\t\t\t<!-- partners -->\n\t\t\t\t\t\t<div class=\"partners-box\">\n\t\t\t\t\t\t\t\n\t\t\t\t\t\t\t\t\t\t\t\t\t\t<div class=\"partners-items row\">\n\n\t\t\t\t\t\t\t\t\t\t\t\t\t\t\t\t\t\t\t\t\t\t\t\t<div class=\"partners-col col-xs-12 col-sm-6 col-md-3 col-lg-3 scrolla-element-anim-1 scroll-animate\" data-animate=\"active\">\n\t\t\t\t\t\t\t\t\t<div class=\"partners-item\">\n\t\t\t\t\t\t\t\t\t\t<div class=\"image\">\n\t\t\t\t\t\t\t\t\t\t\t\t\t\t\t\t\t\t\t\t\t\t<a>\n\t\t\t\t\t\t\t\t\t\t\t\t\t\t\t\t\t\t\t\t\t\t\t<img decoding=\"async\" src=\"https:\/\/geometricamente.pt\/pentagono\/wp-content\/uploads\/2024\/07\/brand4-1.png\" alt=\"http:\/\/Brevemente\" \/>\n\t\t\t\t\t\t\t\t\t\t\t\t\t\t\t\t\t\t\t\t\t\t<\/a>\n\t\t\t\t\t\t\t\t\t\t\t\t\t\t\t\t\t\t\t\t\t<\/div>\n\t\t\t\t\t\t\t\t\t<\/div>\n\t\t\t\t\t\t\t\t<\/div>\n\t\t\t\t\t\t\t\t\t\t\t\t\t\t\t\t\t\t\t\t\t\t\t\t\t\t\t\t\t\t\t\t<div class=\"partners-col col-xs-12 col-sm-6 col-md-3 col-lg-3 scrolla-element-anim-1 scroll-animate\" data-animate=\"active\">\n\t\t\t\t\t\t\t\t\t<div class=\"partners-item\">\n\t\t\t\t\t\t\t\t\t\t<div class=\"image\">\n\t\t\t\t\t\t\t\t\t\t\t\t\t\t\t\t\t\t\t\t\t\t<a>\n\t\t\t\t\t\t\t\t\t\t\t\t\t\t\t\t\t\t\t\t\t\t\t<img decoding=\"async\" src=\"https:\/\/geometricamente.pt\/pentagono\/wp-content\/uploads\/2024\/07\/brand4-1.png\" alt=\"http:\/\/Partner%20#2\" \/>\n\t\t\t\t\t\t\t\t\t\t\t\t\t\t\t\t\t\t\t\t\t\t<\/a>\n\t\t\t\t\t\t\t\t\t\t\t\t\t\t\t\t\t\t\t\t\t<\/div>\n\t\t\t\t\t\t\t\t\t<\/div>\n\t\t\t\t\t\t\t\t<\/div>\n\t\t\t\t\t\t\t\t\t\t\t\t\t\t\t\t\t\t\t\t\t\t\t\t\t\t\t\t\t\t\t\t<div class=\"partners-col col-xs-12 col-sm-6 col-md-3 col-lg-3 scrolla-element-anim-1 scroll-animate\" data-animate=\"active\">\n\t\t\t\t\t\t\t\t\t<div class=\"partners-item\">\n\t\t\t\t\t\t\t\t\t\t<div class=\"image\">\n\t\t\t\t\t\t\t\t\t\t\t\t\t\t\t\t\t\t\t\t\t\t<a>\n\t\t\t\t\t\t\t\t\t\t\t\t\t\t\t\t\t\t\t\t\t\t\t<img decoding=\"async\" src=\"https:\/\/geometricamente.pt\/pentagono\/wp-content\/uploads\/2024\/07\/brand4-1.png\" alt=\"http:\/\/Partner%20#3\" \/>\n\t\t\t\t\t\t\t\t\t\t\t\t\t\t\t\t\t\t\t\t\t\t<\/a>\n\t\t\t\t\t\t\t\t\t\t\t\t\t\t\t\t\t\t\t\t\t<\/div>\n\t\t\t\t\t\t\t\t\t<\/div>\n\t\t\t\t\t\t\t\t<\/div>\n\t\t\t\t\t\t\t\t\t\t\t\t\t\t\t\t\t\t\t\t\t\t\t\t\t\t\t\t\t\t\t\t<div class=\"partners-col col-xs-12 col-sm-6 col-md-3 col-lg-3 scrolla-element-anim-1 scroll-animate\" data-animate=\"active\">\n\t\t\t\t\t\t\t\t\t<div class=\"partners-item\">\n\t\t\t\t\t\t\t\t\t\t<div class=\"image\">\n\t\t\t\t\t\t\t\t\t\t\t\t\t\t\t\t\t\t\t\t\t\t<a>\n\t\t\t\t\t\t\t\t\t\t\t\t\t\t\t\t\t\t\t\t\t\t\t<img decoding=\"async\" src=\"https:\/\/geometricamente.pt\/pentagono\/wp-content\/uploads\/2024\/07\/brand4-1.png\" alt=\"http:\/\/Partner%20#4\" \/>\n\t\t\t\t\t\t\t\t\t\t\t\t\t\t\t\t\t\t\t\t\t\t<\/a>\n\t\t\t\t\t\t\t\t\t\t\t\t\t\t\t\t\t\t\t\t\t<\/div>\n\t\t\t\t\t\t\t\t\t<\/div>\n\t\t\t\t\t\t\t\t<\/div>\n\t\t\t\t\t\t\t\t\t\t\t\t\t\t\t\t\n\t\t\t\t\t\t\t<\/div>\n\n\t\t\t\t\t\t\t\n\t\t\t\t\t\t<\/div>\n\n\t\t\t\t\t<\/div>\n\t\t\t\t<\/div>\n\t\t\t<\/div>\n\t\t<\/div>\n\n\t\t\t\t<\/div>\n\t\t\t\t<\/div>\n\t\t\t\t\t<\/div>\n\t\t<\/div>\n\t\t\t\t\t<\/div>\n\t\t<\/section>\n\t\t\t\t<\/div>\n\t\t","protected":false},"excerpt":{"rendered":"<p>SOBRE N\u00d3S Somos uma equipa multidisciplinar empenhada em mudar o mundo dos que nos rodeiam.\u00a0 Na GEOMETRICAMENTE acreditamos que a sa\u00fade mental deve ser acess\u00edvel a toda a gente! Para isso, somos uma empresa especializada em objeto l\u00fadico-terap\u00eautico que visa promover o autoconhecimento e&#8230; <\/p>\n<div class=\"readmore\"><a href=\"https:\/\/geometricamente.pt\/pentagono\/about-us-p\/\" class=\"btn-link\">Read more<\/a><\/div>\n","protected":false},"author":1,"featured_media":0,"parent":0,"menu_order":0,"comment_status":"closed","ping_status":"closed","template":"template-layout-builder.php","meta":{"_acf_changed":false,"footnotes":""},"class_list":["post-214","page","type-page","status-publish","hentry"],"acf":[],"jetpack_sharing_enabled":true,"_links":{"self":[{"href":"https:\/\/geometricamente.pt\/pentagono\/wp-json\/wp\/v2\/pages\/214","targetHints":{"allow":["GET"]}}],"collection":[{"href":"https:\/\/geometricamente.pt\/pentagono\/wp-json\/wp\/v2\/pages"}],"about":[{"href":"https:\/\/geometricamente.pt\/pentagono\/wp-json\/wp\/v2\/types\/page"}],"author":[{"embeddable":true,"href":"https:\/\/geometricamente.pt\/pentagono\/wp-json\/wp\/v2\/users\/1"}],"replies":[{"embeddable":true,"href":"https:\/\/geometricamente.pt\/pentagono\/wp-json\/wp\/v2\/comments?post=214"}],"version-history":[{"count":31,"href":"https:\/\/geometricamente.pt\/pentagono\/wp-json\/wp\/v2\/pages\/214\/revisions"}],"predecessor-version":[{"id":1518,"href":"https:\/\/geometricamente.pt\/pentagono\/wp-json\/wp\/v2\/pages\/214\/revisions\/1518"}],"wp:attachment":[{"href":"https:\/\/geometricamente.pt\/pentagono\/wp-json\/wp\/v2\/media?parent=214"}],"curies":[{"name":"wp","href":"https:\/\/api.w.org\/{rel}","templated":true}]}}